{"id":2501,"date":"2025-07-22T10:17:17","date_gmt":"2025-07-22T10:17:17","guid":{"rendered":"https:\/\/intercatering.nl\/?page_id=2501"},"modified":"2025-07-22T11:12:42","modified_gmt":"2025-07-22T11:12:42","slug":"oekraiense-maaltijdservice-voor-opvanglocaties","status":"publish","type":"page","link":"https:\/\/intercatering.nl\/nl\/oekraiense-maaltijdservice-voor-opvanglocaties\/","title":{"rendered":"Oekra\u00efense Maaltijdservice voor Opvanglocaties"},"content":{"rendered":"\n<p><\/p>\n\n\n\n<p>Zoekt u Oekra\u00efense catering voor opvanglocaties? InterCatering levert dagelijks verse, authentieke Oekra\u00efense maaltijden. Wij ondersteunen <strong>gemeenten en organisaties die vluchtelingen helpen<\/strong>, zoals stichtingen, kerken en andere hulpverleners.<br>\u27a1\ufe0f Gerechten zoals borsjtsj, holubtsi en varenyky<br>\u27a1\ufe0f Buffetvorm, porties van 500\u2013650g<br>\u27a1\ufe0f Voldoet aan HACCP en Schijf van Vijf<\/p>\n\n\n\n<p><a href=\"https:\/\/intercatering.nl\/nl\/catering-oekraiense-opvang-nederland\/\">Ontdek onze dagelijkse cateringdiensten<\/a><\/p>\n\n\n\n<hr class=\"wp-block-separator has-alpha-channel-opacity\"\/>\n\n\n\n<h2 class=\"wp-block-heading\" id=\"h-ervaring-en-kennis-waarop-u-kunt-vertrouwen\">Ervaring en kennis waarop u kunt vertrouwen<\/h2>\n\n\n\n<p>M<\/p>\n\n\n<p><script charset=\"utf-8\" type=\"text\/javascript\" src=\"\/\/js-eu1.hsforms.net\/forms\/v2.js\"><\/script><br \/>\n<script>\n  hbspt.forms.create({\n    region: \"eu1\",\n    portalId: \"26263817\",\n    formId: \"a47015e5-1a90-4132-9267-9a83bcca391e\",\n    version: \"V2_PRERELEASE\"\n  });\n<\/script><\/p>\n\n\n\n<p><\/p>\n","protected":false},"excerpt":{"rendered":"<p>Zoekt u Oekra\u00efense catering voor opvanglocaties? InterCatering levert dagelijks verse, authentieke Oekra\u00efense maaltijden. Wij ondersteunen gemeenten en organisaties die vluchtelingen helpen, zoals stichtingen, kerken en andere hulpverleners.\u27a1\ufe0f Gerechten zoals borsjtsj, holubtsi en varenyky\u27a1\ufe0f Buffetvorm, porties van 500\u2013650g\u27a1\ufe0f Voldoet aan HACCP en Schijf van Vijf Ontdek onze dagelijkse cateringdiensten Ervaring en [&hellip;]<\/p>\n","protected":false},"author":1,"featured_media":2467,"parent":0,"menu_order":0,"comment_status":"closed","ping_status":"closed","template":"","meta":{"content-type":"","footnotes":""},"class_list":["post-2501","page","type-page","status-publish","has-post-thumbnail","hentry"],"yoast_head":"<!-- This site is optimized with the Yoast SEO Premium plugin v25.4 (Yoast SEO v27.4) - https:\/\/yoast.com\/product\/yoast-seo-premium-wordpress\/ -->\n<title>Oekra\u00efense Maaltijdservice voor Opvanglocaties - Bezorging Oekra\u00efense warme maaltijden, Oekra\u00efense catering - Internationale keuken, lunch, diner, buffet catering.<\/title>\n<meta name=\"description\" content=\"InterCatering levert dagelijks verse Oekra\u00efense maaltijden aan opvanglocaties in Nederland. Betrouwbaar voor gemeenten en hulporganisaties.\" \/>\n<meta name=\"robots\" content=\"index, follow, max-snippet:-1, max-image-preview:large, max-video-preview:-1\" \/>\n<link rel=\"canonical\" href=\"https:\/\/intercatering.nl\/nl\/oekraiense-maaltijdservice-voor-opvanglocaties\/\" \/>\n<meta property=\"og:locale\" content=\"nl_NL\" \/>\n<meta property=\"og:type\" content=\"article\" \/>\n<meta property=\"og:title\" content=\"Oekra\u00efense Maaltijdservice voor Opvanglocaties\" \/>\n<meta property=\"og:description\" content=\"InterCatering levert dagelijks verse Oekra\u00efense maaltijden aan opvanglocaties in Nederland. Betrouwbaar voor gemeenten en hulporganisaties.\" \/>\n<meta property=\"og:url\" content=\"https:\/\/intercatering.nl\/nl\/oekraiense-maaltijdservice-voor-opvanglocaties\/\" \/>\n<meta property=\"og:site_name\" content=\"Bezorging Oekra\u00efense warme maaltijden, Oekra\u00efense catering - Internationale keuken, lunch, diner, buffet catering.\" \/>\n<meta property=\"article:publisher\" content=\"https:\/\/www.facebook.com\/intercatering.nl\/\" \/>\n<meta property=\"article:modified_time\" content=\"2025-07-22T11:12:42+00:00\" \/>\n<meta property=\"og:image\" content=\"https:\/\/intercatering.nl\/wp-content\/uploads\/2025\/07\/Oekraiense-catering-Oekraiens-Borscht-InterCatering-Oekraiense-Catering.jpg\" \/>\n\t<meta property=\"og:image:width\" content=\"1280\" \/>\n\t<meta property=\"og:image:height\" content=\"960\" \/>\n\t<meta property=\"og:image:type\" content=\"image\/jpeg\" \/>\n<meta name=\"twitter:card\" content=\"summary_large_image\" \/>\n<meta name=\"twitter:label1\" content=\"Geschatte leestijd\" \/>\n\t<meta name=\"twitter:data1\" content=\"1 minuut\" \/>\n<script type=\"application\/ld+json\" class=\"yoast-schema-graph\">{\"@context\":\"https:\\\/\\\/schema.org\",\"@graph\":[{\"@type\":\"WebPage\",\"@id\":\"https:\\\/\\\/intercatering.nl\\\/nl\\\/oekraiense-maaltijdservice-voor-opvanglocaties\\\/\",\"url\":\"https:\\\/\\\/intercatering.nl\\\/nl\\\/oekraiense-maaltijdservice-voor-opvanglocaties\\\/\",\"name\":\"Oekra\u00efense Maaltijdservice voor Opvanglocaties - Bezorging Oekra\u00efense warme maaltijden, Oekra\u00efense catering - Internationale keuken, lunch, diner, buffet catering.\",\"isPartOf\":{\"@id\":\"https:\\\/\\\/intercatering.nl\\\/nl\\\/#website\"},\"primaryImageOfPage\":{\"@id\":\"https:\\\/\\\/intercatering.nl\\\/nl\\\/oekraiense-maaltijdservice-voor-opvanglocaties\\\/#primaryimage\"},\"image\":{\"@id\":\"https:\\\/\\\/intercatering.nl\\\/nl\\\/oekraiense-maaltijdservice-voor-opvanglocaties\\\/#primaryimage\"},\"thumbnailUrl\":\"https:\\\/\\\/intercatering.nl\\\/wp-content\\\/uploads\\\/2025\\\/07\\\/Oekraiense-catering-Oekraiens-Borscht-InterCatering-Oekraiense-Catering.jpg\",\"datePublished\":\"2025-07-22T10:17:17+00:00\",\"dateModified\":\"2025-07-22T11:12:42+00:00\",\"description\":\"InterCatering levert dagelijks verse Oekra\u00efense maaltijden aan opvanglocaties in Nederland. Betrouwbaar voor gemeenten en hulporganisaties.\",\"breadcrumb\":{\"@id\":\"https:\\\/\\\/intercatering.nl\\\/nl\\\/oekraiense-maaltijdservice-voor-opvanglocaties\\\/#breadcrumb\"},\"inLanguage\":\"nl-NL\",\"potentialAction\":[{\"@type\":\"ReadAction\",\"target\":[\"https:\\\/\\\/intercatering.nl\\\/nl\\\/oekraiense-maaltijdservice-voor-opvanglocaties\\\/\"]}]},{\"@type\":\"ImageObject\",\"inLanguage\":\"nl-NL\",\"@id\":\"https:\\\/\\\/intercatering.nl\\\/nl\\\/oekraiense-maaltijdservice-voor-opvanglocaties\\\/#primaryimage\",\"url\":\"https:\\\/\\\/intercatering.nl\\\/wp-content\\\/uploads\\\/2025\\\/07\\\/Oekraiense-catering-Oekraiens-Borscht-InterCatering-Oekraiense-Catering.jpg\",\"contentUrl\":\"https:\\\/\\\/intercatering.nl\\\/wp-content\\\/uploads\\\/2025\\\/07\\\/Oekraiense-catering-Oekraiens-Borscht-InterCatering-Oekraiense-Catering.jpg\",\"width\":1280,\"height\":960,\"caption\":\"Oekraiense catering, Oekraiens Borscht, InterCatering Oekraiense Catering\"},{\"@type\":\"BreadcrumbList\",\"@id\":\"https:\\\/\\\/intercatering.nl\\\/nl\\\/oekraiense-maaltijdservice-voor-opvanglocaties\\\/#breadcrumb\",\"itemListElement\":[{\"@type\":\"ListItem\",\"position\":1,\"name\":\"Home\",\"item\":\"https:\\\/\\\/intercatering.nl\\\/nl\\\/\"},{\"@type\":\"ListItem\",\"position\":2,\"name\":\"Oekra\u00efense Maaltijdservice voor Opvanglocaties\"}]},{\"@type\":\"WebSite\",\"@id\":\"https:\\\/\\\/intercatering.nl\\\/nl\\\/#website\",\"url\":\"https:\\\/\\\/intercatering.nl\\\/nl\\\/\",\"name\":\"Bezorging Oekra\u00efense warme maaltijden, Oekra\u00efense catering - Internationale keuken, lunch, diner, buffet catering.\",\"description\":\"Op zoek naar een goed cateringbedrijf voor Oekra\u00efens vluchtelingencentrum en authentiek Oekra\u00efens eten in Amsterdam, Den Haag, Rijswijk, Delft, Wassenaar, Lisse, Leiden, Rotterdam? \",\"publisher\":{\"@id\":\"https:\\\/\\\/intercatering.nl\\\/nl\\\/#organization\"},\"potentialAction\":[{\"@type\":\"SearchAction\",\"target\":{\"@type\":\"EntryPoint\",\"urlTemplate\":\"https:\\\/\\\/intercatering.nl\\\/nl\\\/?s={search_term_string}\"},\"query-input\":{\"@type\":\"PropertyValueSpecification\",\"valueRequired\":true,\"valueName\":\"search_term_string\"}}],\"inLanguage\":\"nl-NL\"},{\"@type\":\"Organization\",\"@id\":\"https:\\\/\\\/intercatering.nl\\\/nl\\\/#organization\",\"name\":\"InterCatering\",\"alternateName\":\"Catering\",\"url\":\"https:\\\/\\\/intercatering.nl\\\/nl\\\/\",\"logo\":{\"@type\":\"ImageObject\",\"inLanguage\":\"nl-NL\",\"@id\":\"https:\\\/\\\/intercatering.nl\\\/nl\\\/#\\\/schema\\\/logo\\\/image\\\/\",\"url\":\"https:\\\/\\\/intercatering.nl\\\/wp-content\\\/uploads\\\/2025\\\/04\\\/InterCatering-Large.png\",\"contentUrl\":\"https:\\\/\\\/intercatering.nl\\\/wp-content\\\/uploads\\\/2025\\\/04\\\/InterCatering-Large.png\",\"width\":1250,\"height\":1250,\"caption\":\"InterCatering\"},\"image\":{\"@id\":\"https:\\\/\\\/intercatering.nl\\\/nl\\\/#\\\/schema\\\/logo\\\/image\\\/\"},\"sameAs\":[\"https:\\\/\\\/www.facebook.com\\\/intercatering.nl\\\/\"]}]}<\/script>\n<!-- \/ Yoast SEO Premium plugin. -->","yoast_head_json":{"title":"Oekra\u00efense Maaltijdservice voor Opvanglocaties - Bezorging Oekra\u00efense warme maaltijden, Oekra\u00efense catering - Internationale keuken, lunch, diner, buffet catering.","description":"InterCatering levert dagelijks verse Oekra\u00efense maaltijden aan opvanglocaties in Nederland. Betrouwbaar voor gemeenten en hulporganisaties.","robots":{"index":"index","follow":"follow","max-snippet":"max-snippet:-1","max-image-preview":"max-image-preview:large","max-video-preview":"max-video-preview:-1"},"canonical":"https:\/\/intercatering.nl\/nl\/oekraiense-maaltijdservice-voor-opvanglocaties\/","og_locale":"nl_NL","og_type":"article","og_title":"Oekra\u00efense Maaltijdservice voor Opvanglocaties","og_description":"InterCatering levert dagelijks verse Oekra\u00efense maaltijden aan opvanglocaties in Nederland. Betrouwbaar voor gemeenten en hulporganisaties.","og_url":"https:\/\/intercatering.nl\/nl\/oekraiense-maaltijdservice-voor-opvanglocaties\/","og_site_name":"Bezorging Oekra\u00efense warme maaltijden, Oekra\u00efense catering - Internationale keuken, lunch, diner, buffet catering.","article_publisher":"https:\/\/www.facebook.com\/intercatering.nl\/","article_modified_time":"2025-07-22T11:12:42+00:00","og_image":[{"width":1280,"height":960,"url":"https:\/\/intercatering.nl\/wp-content\/uploads\/2025\/07\/Oekraiense-catering-Oekraiens-Borscht-InterCatering-Oekraiense-Catering.jpg","type":"image\/jpeg"}],"twitter_card":"summary_large_image","twitter_misc":{"Geschatte leestijd":"1 minuut"},"schema":{"@context":"https:\/\/schema.org","@graph":[{"@type":"WebPage","@id":"https:\/\/intercatering.nl\/nl\/oekraiense-maaltijdservice-voor-opvanglocaties\/","url":"https:\/\/intercatering.nl\/nl\/oekraiense-maaltijdservice-voor-opvanglocaties\/","name":"Oekra\u00efense Maaltijdservice voor Opvanglocaties - Bezorging Oekra\u00efense warme maaltijden, Oekra\u00efense catering - Internationale keuken, lunch, diner, buffet catering.","isPartOf":{"@id":"https:\/\/intercatering.nl\/nl\/#website"},"primaryImageOfPage":{"@id":"https:\/\/intercatering.nl\/nl\/oekraiense-maaltijdservice-voor-opvanglocaties\/#primaryimage"},"image":{"@id":"https:\/\/intercatering.nl\/nl\/oekraiense-maaltijdservice-voor-opvanglocaties\/#primaryimage"},"thumbnailUrl":"https:\/\/intercatering.nl\/wp-content\/uploads\/2025\/07\/Oekraiense-catering-Oekraiens-Borscht-InterCatering-Oekraiense-Catering.jpg","datePublished":"2025-07-22T10:17:17+00:00","dateModified":"2025-07-22T11:12:42+00:00","description":"InterCatering levert dagelijks verse Oekra\u00efense maaltijden aan opvanglocaties in Nederland. Betrouwbaar voor gemeenten en hulporganisaties.","breadcrumb":{"@id":"https:\/\/intercatering.nl\/nl\/oekraiense-maaltijdservice-voor-opvanglocaties\/#breadcrumb"},"inLanguage":"nl-NL","potentialAction":[{"@type":"ReadAction","target":["https:\/\/intercatering.nl\/nl\/oekraiense-maaltijdservice-voor-opvanglocaties\/"]}]},{"@type":"ImageObject","inLanguage":"nl-NL","@id":"https:\/\/intercatering.nl\/nl\/oekraiense-maaltijdservice-voor-opvanglocaties\/#primaryimage","url":"https:\/\/intercatering.nl\/wp-content\/uploads\/2025\/07\/Oekraiense-catering-Oekraiens-Borscht-InterCatering-Oekraiense-Catering.jpg","contentUrl":"https:\/\/intercatering.nl\/wp-content\/uploads\/2025\/07\/Oekraiense-catering-Oekraiens-Borscht-InterCatering-Oekraiense-Catering.jpg","width":1280,"height":960,"caption":"Oekraiense catering, Oekraiens Borscht, InterCatering Oekraiense Catering"},{"@type":"BreadcrumbList","@id":"https:\/\/intercatering.nl\/nl\/oekraiense-maaltijdservice-voor-opvanglocaties\/#breadcrumb","itemListElement":[{"@type":"ListItem","position":1,"name":"Home","item":"https:\/\/intercatering.nl\/nl\/"},{"@type":"ListItem","position":2,"name":"Oekra\u00efense Maaltijdservice voor Opvanglocaties"}]},{"@type":"WebSite","@id":"https:\/\/intercatering.nl\/nl\/#website","url":"https:\/\/intercatering.nl\/nl\/","name":"Bezorging Oekra\u00efense warme maaltijden, Oekra\u00efense catering - Internationale keuken, lunch, diner, buffet catering.","description":"Op zoek naar een goed cateringbedrijf voor Oekra\u00efens vluchtelingencentrum en authentiek Oekra\u00efens eten in Amsterdam, Den Haag, Rijswijk, Delft, Wassenaar, Lisse, Leiden, Rotterdam? ","publisher":{"@id":"https:\/\/intercatering.nl\/nl\/#organization"},"potentialAction":[{"@type":"SearchAction","target":{"@type":"EntryPoint","urlTemplate":"https:\/\/intercatering.nl\/nl\/?s={search_term_string}"},"query-input":{"@type":"PropertyValueSpecification","valueRequired":true,"valueName":"search_term_string"}}],"inLanguage":"nl-NL"},{"@type":"Organization","@id":"https:\/\/intercatering.nl\/nl\/#organization","name":"InterCatering","alternateName":"Catering","url":"https:\/\/intercatering.nl\/nl\/","logo":{"@type":"ImageObject","inLanguage":"nl-NL","@id":"https:\/\/intercatering.nl\/nl\/#\/schema\/logo\/image\/","url":"https:\/\/intercatering.nl\/wp-content\/uploads\/2025\/04\/InterCatering-Large.png","contentUrl":"https:\/\/intercatering.nl\/wp-content\/uploads\/2025\/04\/InterCatering-Large.png","width":1250,"height":1250,"caption":"InterCatering"},"image":{"@id":"https:\/\/intercatering.nl\/nl\/#\/schema\/logo\/image\/"},"sameAs":["https:\/\/www.facebook.com\/intercatering.nl\/"]}]}},"_links":{"self":[{"href":"https:\/\/intercatering.nl\/nl\/wp-json\/wp\/v2\/pages\/2501","targetHints":{"allow":["GET"]}}],"collection":[{"href":"https:\/\/intercatering.nl\/nl\/wp-json\/wp\/v2\/pages"}],"about":[{"href":"https:\/\/intercatering.nl\/nl\/wp-json\/wp\/v2\/types\/page"}],"author":[{"embeddable":true,"href":"https:\/\/intercatering.nl\/nl\/wp-json\/wp\/v2\/users\/1"}],"replies":[{"embeddable":true,"href":"https:\/\/intercatering.nl\/nl\/wp-json\/wp\/v2\/comments?post=2501"}],"version-history":[{"count":2,"href":"https:\/\/intercatering.nl\/nl\/wp-json\/wp\/v2\/pages\/2501\/revisions"}],"predecessor-version":[{"id":2512,"href":"https:\/\/intercatering.nl\/nl\/wp-json\/wp\/v2\/pages\/2501\/revisions\/2512"}],"wp:featuredmedia":[{"embeddable":true,"href":"https:\/\/intercatering.nl\/nl\/wp-json\/wp\/v2\/media\/2467"}],"wp:attachment":[{"href":"https:\/\/intercatering.nl\/nl\/wp-json\/wp\/v2\/media?parent=2501"}],"curies":[{"name":"wp","href":"https:\/\/api.w.org\/{rel}","templated":true}]}}