{"id":2152,"date":"2017-06-13T23:39:10","date_gmt":"2017-06-13T23:39:10","guid":{"rendered":"https:\/\/intercatering.nl\/oekraiense-catering-service-catering-voor-vluchtelingencentra-bezorging\/"},"modified":"2025-01-09T22:50:35","modified_gmt":"2025-01-09T22:50:35","slug":"oekraiense-catering-service-catering-voor-vluchtelingencentra-bezorging","status":"publish","type":"page","link":"https:\/\/intercatering.nl\/nl\/oekraiense-catering-service-catering-voor-vluchtelingencentra-bezorging\/","title":{"rendered":"Catering Oekra\u00efens | Vluchtelingencentrum Catering | Bezorging"},"content":{"rendered":"<h2>Catering Oekra\u00efens eten &#8211; Vluchtelingencentrum Catering<\/h2>\n<p>InterCatering is uw Betrouwbare, Betrouwbare, Ervaren cateraar wanneer u op zoek bent naar een cateringservice voor een Oekra\u00efens vluchtelingencentrum.<br \/>Wij bieden authentiek Oekra\u00efens eten op Oekra\u00efense vluchtelingenlocaties op een zeer goed niveau.<br \/>Ons bedrijf heeft meer dan 20 jaar ervaring als internationaal restauranthouder\/cateraar en heeft vele zeer tevreden gasten\/klanten bediend.<br \/>De wortels leidden naar het beroemde restaurant Alexander in Den Haag.<\/p>\n<p><strong>We zijn er trots op dat we onze klanten lekker eten en topservice kunnen bieden:<\/strong><br \/><em>Gemeente Den Haag, Gemeente Amsterdam, WTC Amsterdam, Ambassade van Oekra\u00efne, Shell International, Provincies Zuid Holland, Ambassade van Kazachstan, Ambassade van Azerbeidzjan, Ambassade van Letland, Ambassade van Litouwen, Ministerie van Financi\u00ebn, Ministerie van Buitenlandse Zaken, Ministerie van Defensie, D66 partij, Politie Haaglanden, Europees Octrooibureau, Raad van State, ABN AMRO Bank en vele andere tevreden gasten\/klanten.<\/em><\/p>\n<p><a href=\"https:\/\/intercatering.nl\/contact-us\/\" target=\"_blank\" rel=\"noopener\"><img decoding=\"async\" src=\"http:\/\/intercatering.nl\/wp-content\/uploads\/2019\/09\/Very-Special-catering-service-in-Den-Haag-unique-experience-at-Louwman-Museum-by-InterCatering.jpg\" alt=\"Intercatering Amsterdam, Schiphol Hoofddorp, Heel bijzondere cateringservice in Den Haag unieke belevenis in Louwman Museum door InterCatering\" width=\"640\" height=\"640\" class=\"alignnone wp-image-496 size-full\" srcset=\"https:\/\/intercatering.nl\/wp-content\/uploads\/2019\/09\/Very-Special-catering-service-in-Den-Haag-unique-experience-at-Louwman-Museum-by-InterCatering.jpg 640w, https:\/\/intercatering.nl\/wp-content\/uploads\/2019\/09\/Very-Special-catering-service-in-Den-Haag-unique-experience-at-Louwman-Museum-by-InterCatering-300x300.jpg 300w, https:\/\/intercatering.nl\/wp-content\/uploads\/2019\/09\/Very-Special-catering-service-in-Den-Haag-unique-experience-at-Louwman-Museum-by-InterCatering-100x100.jpg 100w, https:\/\/intercatering.nl\/wp-content\/uploads\/2019\/09\/Very-Special-catering-service-in-Den-Haag-unique-experience-at-Louwman-Museum-by-InterCatering-600x600.jpg 600w, https:\/\/intercatering.nl\/wp-content\/uploads\/2019\/09\/Very-Special-catering-service-in-Den-Haag-unique-experience-at-Louwman-Museum-by-InterCatering-150x150.jpg 150w, https:\/\/intercatering.nl\/wp-content\/uploads\/2019\/09\/Very-Special-catering-service-in-Den-Haag-unique-experience-at-Louwman-Museum-by-InterCatering-50x50.jpg 50w\" sizes=\"(max-width: 640px) 100vw, 640px\" \/><\/a><\/p>\n<p>Dankzij onze kennis en jarenlange ervaring bieden wij cateringservice op uw locatie volgens uw culinaire wensen en dieetwensen naar tevredenheid resulterend in verse gezonde maaltijden. Onze cateringservice is toonaangevend als het gaat om culinaire trends. Wij bieden jou en Oekra\u00efense vluchtelingen authentiek Oekra\u00efens eten en houden rekening met je voorkeur voor vegetarische en\/of biologische gerechten. We gebruiken ook seizoensproducten en die kun je proeven!   <\/p>\n<p>Goede gastvrijheid is een gespecialiseerde discipline, of het nu:<\/p>\n<p>&#8211; Catering Oekra\u00efens vluchtelingencentrum<br \/>&#8211; Lunch voor bedrijven<br \/>&#8211; Catering voor bezoekers<\/p>\n<h3>Neem contact met ons op<\/h3>\n<p>Bedankt voor uw interesse in InterCatering. Als u vragen of opmerkingen hebt, kunt u ons via onderstaand contactformulier snel een bericht sturen.   <\/p>\n\n<div class=\"wp-block-leadin-hubspot-form-block\">\n\t\t\t\t\t\t<script>\n\t\t\t\t\t\t\twindow.hsFormsOnReady = window.hsFormsOnReady || [];\n\t\t\t\t\t\t\twindow.hsFormsOnReady.push(()=>{\n\t\t\t\t\t\t\t\thbspt.forms.create({\n\t\t\t\t\t\t\t\t\tportalId: 26263817,\n\t\t\t\t\t\t\t\t\tformId: \"a7210508-32be-4d55-ab1b-b26900cf37ea\",\n\t\t\t\t\t\t\t\t\ttarget: \"#hbspt-form-1779001058000-2114907320\",\n\t\t\t\t\t\t\t\t\tregion: \"eu1\",\n\t\t\t\t\t\t\t\t\t\n\t\t\t\t\t\t\t})});\n\t\t\t\t\t\t<\/script>\n\t\t\t\t\t\t<div class=\"hbspt-form\" id=\"hbspt-form-1779001058000-2114907320\"><\/div><\/div>\n","protected":false},"excerpt":{"rendered":"<p>Catering Oekra\u00efens eten &#8211; Vluchtelingencentrum Catering InterCatering is uw Betrouwbare, Betrouwbare, Ervaren cateraar wanneer u op zoek bent naar een cateringservice voor een Oekra\u00efens vluchtelingencentrum.Wij bieden authentiek Oekra\u00efens eten op Oekra\u00efense vluchtelingenlocaties op een zeer goed niveau.Ons bedrijf heeft meer dan 20 jaar ervaring als internationaal restauranthouder\/cateraar en heeft vele [&hellip;]<\/p>\n","protected":false},"author":1,"featured_media":0,"parent":0,"menu_order":0,"comment_status":"closed","ping_status":"open","template":"","meta":{"content-type":"","footnotes":""},"class_list":["post-2152","page","type-page","status-publish","hentry"],"yoast_head":"<!-- This site is optimized with the Yoast SEO Premium plugin v25.4 (Yoast SEO v27.6) - https:\/\/yoast.com\/product\/yoast-seo-premium-wordpress\/ -->\n<title>Catering Oekra\u00efens | Vluchtelingencentrum Catering | Bezorging - Bezorging Oekra\u00efense warme maaltijden, Oekra\u00efense catering - Internationale keuken, lunch, diner, buffet catering.<\/title>\n<meta name=\"description\" content=\"Ontdek de vertrouwde Oekra\u00efense cateringdiensten van InterCatering, gespecialiseerd in authentieke Oekra\u00efense gerechten voor vluchtelingencentra. Met meer dan 20 jaar ervaring leveren we verse, gezonde maaltijden die zijn afgestemd op dieetvoorkeuren. Neem contact op met Oekra\u00efne catering voor catering van topkwaliteit!\" \/>\n<meta name=\"robots\" content=\"index, follow, max-snippet:-1, max-image-preview:large, max-video-preview:-1\" \/>\n<link rel=\"canonical\" href=\"https:\/\/intercatering.nl\/nl\/oekraiense-catering-service-catering-voor-vluchtelingencentra-bezorging\/\" \/>\n<meta property=\"og:locale\" content=\"nl_NL\" \/>\n<meta property=\"og:type\" content=\"article\" \/>\n<meta property=\"og:title\" content=\"Catering Oekra\u00efens | Vluchtelingencentrum Catering | Bezorging\" \/>\n<meta property=\"og:description\" content=\"Ontdek de vertrouwde Oekra\u00efense cateringdiensten van InterCatering, gespecialiseerd in authentieke Oekra\u00efense gerechten voor vluchtelingencentra. Met meer dan 20 jaar ervaring leveren we verse, gezonde maaltijden die zijn afgestemd op dieetvoorkeuren. Neem contact op met Oekra\u00efne catering voor catering van topkwaliteit!\" \/>\n<meta property=\"og:url\" content=\"https:\/\/intercatering.nl\/nl\/oekraiense-catering-service-catering-voor-vluchtelingencentra-bezorging\/\" \/>\n<meta property=\"og:site_name\" content=\"Bezorging Oekra\u00efense warme maaltijden, Oekra\u00efense catering - Internationale keuken, lunch, diner, buffet catering.\" \/>\n<meta property=\"article:publisher\" content=\"https:\/\/www.facebook.com\/intercatering.nl\/\" \/>\n<meta property=\"article:modified_time\" content=\"2025-01-09T22:50:35+00:00\" \/>\n<meta property=\"og:image\" content=\"http:\/\/intercatering.nl\/wp-content\/uploads\/2019\/09\/Very-Special-catering-service-in-Den-Haag-unique-experience-at-Louwman-Museum-by-InterCatering.jpg\" \/>\n<meta name=\"twitter:card\" content=\"summary_large_image\" \/>\n<meta name=\"twitter:label1\" content=\"Geschatte leestijd\" \/>\n\t<meta name=\"twitter:data1\" content=\"1 minuut\" \/>\n<script type=\"application\/ld+json\" class=\"yoast-schema-graph\">{\"@context\":\"https:\\\/\\\/schema.org\",\"@graph\":[{\"@type\":\"WebPage\",\"@id\":\"https:\\\/\\\/intercatering.nl\\\/nl\\\/oekraiense-catering-service-catering-voor-vluchtelingencentra-bezorging\\\/\",\"url\":\"https:\\\/\\\/intercatering.nl\\\/nl\\\/oekraiense-catering-service-catering-voor-vluchtelingencentra-bezorging\\\/\",\"name\":\"Catering Oekra\u00efens | Vluchtelingencentrum Catering | Bezorging - Bezorging Oekra\u00efense warme maaltijden, Oekra\u00efense catering - Internationale keuken, lunch, diner, buffet catering.\",\"isPartOf\":{\"@id\":\"https:\\\/\\\/intercatering.nl\\\/nl\\\/#website\"},\"primaryImageOfPage\":{\"@id\":\"https:\\\/\\\/intercatering.nl\\\/nl\\\/oekraiense-catering-service-catering-voor-vluchtelingencentra-bezorging\\\/#primaryimage\"},\"image\":{\"@id\":\"https:\\\/\\\/intercatering.nl\\\/nl\\\/oekraiense-catering-service-catering-voor-vluchtelingencentra-bezorging\\\/#primaryimage\"},\"thumbnailUrl\":\"http:\\\/\\\/intercatering.nl\\\/wp-content\\\/uploads\\\/2019\\\/09\\\/Very-Special-catering-service-in-Den-Haag-unique-experience-at-Louwman-Museum-by-InterCatering.jpg\",\"datePublished\":\"2017-06-13T23:39:10+00:00\",\"dateModified\":\"2025-01-09T22:50:35+00:00\",\"description\":\"Ontdek de vertrouwde Oekra\u00efense cateringdiensten van InterCatering, gespecialiseerd in authentieke Oekra\u00efense gerechten voor vluchtelingencentra. Met meer dan 20 jaar ervaring leveren we verse, gezonde maaltijden die zijn afgestemd op dieetvoorkeuren. Neem contact op met Oekra\u00efne catering voor catering van topkwaliteit!\",\"breadcrumb\":{\"@id\":\"https:\\\/\\\/intercatering.nl\\\/nl\\\/oekraiense-catering-service-catering-voor-vluchtelingencentra-bezorging\\\/#breadcrumb\"},\"inLanguage\":\"nl-NL\",\"potentialAction\":[{\"@type\":\"ReadAction\",\"target\":[\"https:\\\/\\\/intercatering.nl\\\/nl\\\/oekraiense-catering-service-catering-voor-vluchtelingencentra-bezorging\\\/\"]}]},{\"@type\":\"ImageObject\",\"inLanguage\":\"nl-NL\",\"@id\":\"https:\\\/\\\/intercatering.nl\\\/nl\\\/oekraiense-catering-service-catering-voor-vluchtelingencentra-bezorging\\\/#primaryimage\",\"url\":\"http:\\\/\\\/intercatering.nl\\\/wp-content\\\/uploads\\\/2019\\\/09\\\/Very-Special-catering-service-in-Den-Haag-unique-experience-at-Louwman-Museum-by-InterCatering.jpg\",\"contentUrl\":\"http:\\\/\\\/intercatering.nl\\\/wp-content\\\/uploads\\\/2019\\\/09\\\/Very-Special-catering-service-in-Den-Haag-unique-experience-at-Louwman-Museum-by-InterCatering.jpg\"},{\"@type\":\"BreadcrumbList\",\"@id\":\"https:\\\/\\\/intercatering.nl\\\/nl\\\/oekraiense-catering-service-catering-voor-vluchtelingencentra-bezorging\\\/#breadcrumb\",\"itemListElement\":[{\"@type\":\"ListItem\",\"position\":1,\"name\":\"Home\",\"item\":\"https:\\\/\\\/intercatering.nl\\\/nl\\\/\"},{\"@type\":\"ListItem\",\"position\":2,\"name\":\"Catering Oekra\u00efens | Vluchtelingencentrum Catering | Bezorging\"}]},{\"@type\":\"WebSite\",\"@id\":\"https:\\\/\\\/intercatering.nl\\\/nl\\\/#website\",\"url\":\"https:\\\/\\\/intercatering.nl\\\/nl\\\/\",\"name\":\"Bezorging Oekra\u00efense warme maaltijden, Oekra\u00efense catering - Internationale keuken, lunch, diner, buffet catering.\",\"description\":\"Op zoek naar een goed cateringbedrijf voor Oekra\u00efens vluchtelingencentrum en authentiek Oekra\u00efens eten in Amsterdam, Den Haag, Rijswijk, Delft, Wassenaar, Lisse, Leiden, Rotterdam? \",\"publisher\":{\"@id\":\"https:\\\/\\\/intercatering.nl\\\/nl\\\/#organization\"},\"potentialAction\":[{\"@type\":\"SearchAction\",\"target\":{\"@type\":\"EntryPoint\",\"urlTemplate\":\"https:\\\/\\\/intercatering.nl\\\/nl\\\/?s={search_term_string}\"},\"query-input\":{\"@type\":\"PropertyValueSpecification\",\"valueRequired\":true,\"valueName\":\"search_term_string\"}}],\"inLanguage\":\"nl-NL\"},{\"@type\":\"Organization\",\"@id\":\"https:\\\/\\\/intercatering.nl\\\/nl\\\/#organization\",\"name\":\"InterCatering\",\"alternateName\":\"Catering\",\"url\":\"https:\\\/\\\/intercatering.nl\\\/nl\\\/\",\"logo\":{\"@type\":\"ImageObject\",\"inLanguage\":\"nl-NL\",\"@id\":\"https:\\\/\\\/intercatering.nl\\\/nl\\\/#\\\/schema\\\/logo\\\/image\\\/\",\"url\":\"https:\\\/\\\/intercatering.nl\\\/wp-content\\\/uploads\\\/2025\\\/04\\\/InterCatering-Large.png\",\"contentUrl\":\"https:\\\/\\\/intercatering.nl\\\/wp-content\\\/uploads\\\/2025\\\/04\\\/InterCatering-Large.png\",\"width\":1250,\"height\":1250,\"caption\":\"InterCatering\"},\"image\":{\"@id\":\"https:\\\/\\\/intercatering.nl\\\/nl\\\/#\\\/schema\\\/logo\\\/image\\\/\"},\"sameAs\":[\"https:\\\/\\\/www.facebook.com\\\/intercatering.nl\\\/\"]}]}<\/script>\n<!-- \/ Yoast SEO Premium plugin. -->","yoast_head_json":{"title":"Catering Oekra\u00efens | Vluchtelingencentrum Catering | Bezorging - Bezorging Oekra\u00efense warme maaltijden, Oekra\u00efense catering - Internationale keuken, lunch, diner, buffet catering.","description":"Ontdek de vertrouwde Oekra\u00efense cateringdiensten van InterCatering, gespecialiseerd in authentieke Oekra\u00efense gerechten voor vluchtelingencentra. Met meer dan 20 jaar ervaring leveren we verse, gezonde maaltijden die zijn afgestemd op dieetvoorkeuren. Neem contact op met Oekra\u00efne catering voor catering van topkwaliteit!","robots":{"index":"index","follow":"follow","max-snippet":"max-snippet:-1","max-image-preview":"max-image-preview:large","max-video-preview":"max-video-preview:-1"},"canonical":"https:\/\/intercatering.nl\/nl\/oekraiense-catering-service-catering-voor-vluchtelingencentra-bezorging\/","og_locale":"nl_NL","og_type":"article","og_title":"Catering Oekra\u00efens | Vluchtelingencentrum Catering | Bezorging","og_description":"Ontdek de vertrouwde Oekra\u00efense cateringdiensten van InterCatering, gespecialiseerd in authentieke Oekra\u00efense gerechten voor vluchtelingencentra. Met meer dan 20 jaar ervaring leveren we verse, gezonde maaltijden die zijn afgestemd op dieetvoorkeuren. Neem contact op met Oekra\u00efne catering voor catering van topkwaliteit!","og_url":"https:\/\/intercatering.nl\/nl\/oekraiense-catering-service-catering-voor-vluchtelingencentra-bezorging\/","og_site_name":"Bezorging Oekra\u00efense warme maaltijden, Oekra\u00efense catering - Internationale keuken, lunch, diner, buffet catering.","article_publisher":"https:\/\/www.facebook.com\/intercatering.nl\/","article_modified_time":"2025-01-09T22:50:35+00:00","og_image":[{"url":"http:\/\/intercatering.nl\/wp-content\/uploads\/2019\/09\/Very-Special-catering-service-in-Den-Haag-unique-experience-at-Louwman-Museum-by-InterCatering.jpg","type":"","width":"","height":""}],"twitter_card":"summary_large_image","twitter_misc":{"Geschatte leestijd":"1 minuut"},"schema":{"@context":"https:\/\/schema.org","@graph":[{"@type":"WebPage","@id":"https:\/\/intercatering.nl\/nl\/oekraiense-catering-service-catering-voor-vluchtelingencentra-bezorging\/","url":"https:\/\/intercatering.nl\/nl\/oekraiense-catering-service-catering-voor-vluchtelingencentra-bezorging\/","name":"Catering Oekra\u00efens | Vluchtelingencentrum Catering | Bezorging - Bezorging Oekra\u00efense warme maaltijden, Oekra\u00efense catering - Internationale keuken, lunch, diner, buffet catering.","isPartOf":{"@id":"https:\/\/intercatering.nl\/nl\/#website"},"primaryImageOfPage":{"@id":"https:\/\/intercatering.nl\/nl\/oekraiense-catering-service-catering-voor-vluchtelingencentra-bezorging\/#primaryimage"},"image":{"@id":"https:\/\/intercatering.nl\/nl\/oekraiense-catering-service-catering-voor-vluchtelingencentra-bezorging\/#primaryimage"},"thumbnailUrl":"http:\/\/intercatering.nl\/wp-content\/uploads\/2019\/09\/Very-Special-catering-service-in-Den-Haag-unique-experience-at-Louwman-Museum-by-InterCatering.jpg","datePublished":"2017-06-13T23:39:10+00:00","dateModified":"2025-01-09T22:50:35+00:00","description":"Ontdek de vertrouwde Oekra\u00efense cateringdiensten van InterCatering, gespecialiseerd in authentieke Oekra\u00efense gerechten voor vluchtelingencentra. Met meer dan 20 jaar ervaring leveren we verse, gezonde maaltijden die zijn afgestemd op dieetvoorkeuren. Neem contact op met Oekra\u00efne catering voor catering van topkwaliteit!","breadcrumb":{"@id":"https:\/\/intercatering.nl\/nl\/oekraiense-catering-service-catering-voor-vluchtelingencentra-bezorging\/#breadcrumb"},"inLanguage":"nl-NL","potentialAction":[{"@type":"ReadAction","target":["https:\/\/intercatering.nl\/nl\/oekraiense-catering-service-catering-voor-vluchtelingencentra-bezorging\/"]}]},{"@type":"ImageObject","inLanguage":"nl-NL","@id":"https:\/\/intercatering.nl\/nl\/oekraiense-catering-service-catering-voor-vluchtelingencentra-bezorging\/#primaryimage","url":"http:\/\/intercatering.nl\/wp-content\/uploads\/2019\/09\/Very-Special-catering-service-in-Den-Haag-unique-experience-at-Louwman-Museum-by-InterCatering.jpg","contentUrl":"http:\/\/intercatering.nl\/wp-content\/uploads\/2019\/09\/Very-Special-catering-service-in-Den-Haag-unique-experience-at-Louwman-Museum-by-InterCatering.jpg"},{"@type":"BreadcrumbList","@id":"https:\/\/intercatering.nl\/nl\/oekraiense-catering-service-catering-voor-vluchtelingencentra-bezorging\/#breadcrumb","itemListElement":[{"@type":"ListItem","position":1,"name":"Home","item":"https:\/\/intercatering.nl\/nl\/"},{"@type":"ListItem","position":2,"name":"Catering Oekra\u00efens | Vluchtelingencentrum Catering | Bezorging"}]},{"@type":"WebSite","@id":"https:\/\/intercatering.nl\/nl\/#website","url":"https:\/\/intercatering.nl\/nl\/","name":"Bezorging Oekra\u00efense warme maaltijden, Oekra\u00efense catering - Internationale keuken, lunch, diner, buffet catering.","description":"Op zoek naar een goed cateringbedrijf voor Oekra\u00efens vluchtelingencentrum en authentiek Oekra\u00efens eten in Amsterdam, Den Haag, Rijswijk, Delft, Wassenaar, Lisse, Leiden, Rotterdam? ","publisher":{"@id":"https:\/\/intercatering.nl\/nl\/#organization"},"potentialAction":[{"@type":"SearchAction","target":{"@type":"EntryPoint","urlTemplate":"https:\/\/intercatering.nl\/nl\/?s={search_term_string}"},"query-input":{"@type":"PropertyValueSpecification","valueRequired":true,"valueName":"search_term_string"}}],"inLanguage":"nl-NL"},{"@type":"Organization","@id":"https:\/\/intercatering.nl\/nl\/#organization","name":"InterCatering","alternateName":"Catering","url":"https:\/\/intercatering.nl\/nl\/","logo":{"@type":"ImageObject","inLanguage":"nl-NL","@id":"https:\/\/intercatering.nl\/nl\/#\/schema\/logo\/image\/","url":"https:\/\/intercatering.nl\/wp-content\/uploads\/2025\/04\/InterCatering-Large.png","contentUrl":"https:\/\/intercatering.nl\/wp-content\/uploads\/2025\/04\/InterCatering-Large.png","width":1250,"height":1250,"caption":"InterCatering"},"image":{"@id":"https:\/\/intercatering.nl\/nl\/#\/schema\/logo\/image\/"},"sameAs":["https:\/\/www.facebook.com\/intercatering.nl\/"]}]}},"_links":{"self":[{"href":"https:\/\/intercatering.nl\/nl\/wp-json\/wp\/v2\/pages\/2152","targetHints":{"allow":["GET"]}}],"collection":[{"href":"https:\/\/intercatering.nl\/nl\/wp-json\/wp\/v2\/pages"}],"about":[{"href":"https:\/\/intercatering.nl\/nl\/wp-json\/wp\/v2\/types\/page"}],"author":[{"embeddable":true,"href":"https:\/\/intercatering.nl\/nl\/wp-json\/wp\/v2\/users\/1"}],"replies":[{"embeddable":true,"href":"https:\/\/intercatering.nl\/nl\/wp-json\/wp\/v2\/comments?post=2152"}],"version-history":[{"count":0,"href":"https:\/\/intercatering.nl\/nl\/wp-json\/wp\/v2\/pages\/2152\/revisions"}],"wp:attachment":[{"href":"https:\/\/intercatering.nl\/nl\/wp-json\/wp\/v2\/media?parent=2152"}],"curies":[{"name":"wp","href":"https:\/\/api.w.org\/{rel}","templated":true}]}}