{"id":2136,"date":"2023-11-21T22:03:37","date_gmt":"2023-11-21T22:03:37","guid":{"rendered":"https:\/\/intercatering.nl\/oekraiense-catering-service-buffet-catering-diner-bezorging\/"},"modified":"2025-07-15T19:47:24","modified_gmt":"2025-07-15T19:47:24","slug":"oekraiense-catering-service-buffet-catering-diner-bezorging","status":"publish","type":"page","link":"https:\/\/intercatering.nl\/nl\/oekraiense-catering-service-buffet-catering-diner-bezorging\/","title":{"rendered":"Oekra\u00efense Catering Service | Buffet Catering | Dinerbezorging"},"content":{"rendered":"<h2>Oekra\u00efense cateringdiensten &#8211; Catering Oekra\u00efense vluchtelingencentra<\/h2>\n<p>InterCatering is uw Betrouwbare, Betrouwbare, Ervaren cateraar wanneer u op zoek bent naar een Oekra\u00efense cateringservice voor de catering van Oekra\u00efense vluchtelingen.<br \/>Wij bieden Authentiek Oekra\u00efens eten en serveren ontbijt, lunch en diner voor Oekra\u00efense vluchtelingencentra.<br \/>Ons bedrijf heeft meer dan 20 jaar ervaring als internationaal restauranthouder\/cateraar en heeft vele zeer tevreden gasten\/klanten bediend.<br \/>De wortels van het bedrijf liggen in het beroemde restaurant Alexander in Den Haag.<\/p>\n<p><strong>We zijn er trots op dat we onze klanten lekker eten en topservice kunnen bieden:<\/strong><br \/><em>Gemeente Den Haag, Gemeente Amsterdam, WTC Amsterdam, Ambassade van Oekra\u00efne, Shell International, Provincies Zuid Holland, Ambassade van Kazachstan, Ambassade van Azerbeidzjan, Ambassade van Letland, Ambassade van Litouwen, Ministerie van Financi\u00ebn, Ministerie van Buitenlandse Zaken, Ministerie van Defensie, D66 partij, Politie Haaglanden, Europees Octrooibureau, Raad van State, ABN AMRO Bank en vele andere tevreden gasten\/klanten.<\/em><\/p>\n<p><img decoding=\"async\" src=\"https:\/\/intercatering.nl\/wp-content\/uploads\/2019\/09\/Very-Special-catering-service-in-Den-Haag-unique-experience-at-Louwman-Museum-by-InterCatering.jpg\" alt=\"Intercatering Amsterdam, Schiphol Hoofddorp, Heel bijzondere cateringservice in Den Haag unieke belevenis in Louwman Museum door InterCatering\" width=\"640\" height=\"640\" class=\"alignnone wp-image-496 size-full\" srcset=\"https:\/\/intercatering.nl\/wp-content\/uploads\/2019\/09\/Very-Special-catering-service-in-Den-Haag-unique-experience-at-Louwman-Museum-by-InterCatering.jpg 640w, https:\/\/intercatering.nl\/wp-content\/uploads\/2019\/09\/Very-Special-catering-service-in-Den-Haag-unique-experience-at-Louwman-Museum-by-InterCatering-300x300.jpg 300w, https:\/\/intercatering.nl\/wp-content\/uploads\/2019\/09\/Very-Special-catering-service-in-Den-Haag-unique-experience-at-Louwman-Museum-by-InterCatering-100x100.jpg 100w, https:\/\/intercatering.nl\/wp-content\/uploads\/2019\/09\/Very-Special-catering-service-in-Den-Haag-unique-experience-at-Louwman-Museum-by-InterCatering-600x600.jpg 600w, https:\/\/intercatering.nl\/wp-content\/uploads\/2019\/09\/Very-Special-catering-service-in-Den-Haag-unique-experience-at-Louwman-Museum-by-InterCatering-150x150.jpg 150w, https:\/\/intercatering.nl\/wp-content\/uploads\/2019\/09\/Very-Special-catering-service-in-Den-Haag-unique-experience-at-Louwman-Museum-by-InterCatering-50x50.jpg 50w\" sizes=\"(max-width: 640px) 100vw, 640px\" \/><\/p>\n<p>Dankzij onze kennis en jarenlange ervaring bieden wij cateringservice op uw locatie volgens uw culinaire wensen en dieetwensen naar tevredenheid resulterend in verse gezonde maaltijden. Onze cateringservice is toonaangevend als het gaat om culinaire trends. We bieden authentiek Oekra\u00efens eten en houden rekening met je voorkeur voor vegetarische en\/of biologische gerechten. We gebruiken ook seizoensproducten en dat proef je!   <\/p>\n<h3>Neem contact met ons op<\/h3>\n<p>Bedankt voor uw interesse in <a href=\"http:\/\/www.intercatering.nl\" target=\"_blank\" rel=\"noopener noreferrer\">InterCatering<\/a>. Als je vragen of opmerkingen hebt, gebruik dan ons contactformulier hieronder om ons snel een bericht te sturen. Je kunt ons ook rechtstreeks e-mailen op <a href=\"mailto:info@intercatering.nl\" target=\"_blank\" rel=\"nofollow noopener noreferrer\">info@intercatering.nl<\/a><\/p>\n<p><script charset=\"utf-8\" type=\"text\/javascript\" src=\"\/\/js-eu1.hsforms.net\/forms\/v2.js\"><\/script><br \/>\n<script>\n  hbspt.forms.create({\n    region: \"eu1\",\n    portalId: \"26263817\",\n    formId: \"a47015e5-1a90-4132-9267-9a83bcca391e\",\n    version: \"V2_PRERELEASE\"\n  });\n<\/script><\/p>\n\n<p><\/p>\n","protected":false},"excerpt":{"rendered":"<p>Oekra\u00efense cateringdiensten &#8211; Catering Oekra\u00efense vluchtelingencentra InterCatering is uw Betrouwbare, Betrouwbare, Ervaren cateraar wanneer u op zoek bent naar een Oekra\u00efense cateringservice voor de catering van Oekra\u00efense vluchtelingen.Wij bieden Authentiek Oekra\u00efens eten en serveren ontbijt, lunch en diner voor Oekra\u00efense vluchtelingencentra.Ons bedrijf heeft meer dan 20 jaar ervaring als internationaal [&hellip;]<\/p>\n","protected":false},"author":1,"featured_media":2018,"parent":0,"menu_order":0,"comment_status":"closed","ping_status":"open","template":"","meta":{"content-type":"","footnotes":""},"class_list":["post-2136","page","type-page","status-publish","has-post-thumbnail","hentry"],"yoast_head":"<!-- This site is optimized with the Yoast SEO Premium plugin v25.4 (Yoast SEO v27.4) - https:\/\/yoast.com\/product\/yoast-seo-premium-wordpress\/ -->\n<title>Oekra\u00efense Catering Service | Buffet Catering | Dinerbezorging - Bezorging Oekra\u00efense warme maaltijden, Oekra\u00efense catering - Internationale keuken, lunch, diner, buffet catering.<\/title>\n<meta name=\"description\" content=\"Ontdek de vertrouwde Oekra\u00efense cateringdiensten van InterCatering, gespecialiseerd in authentieke Oekra\u00efense gerechten voor vluchtelingencentra. Met meer dan 20 jaar ervaring leveren we verse, gezonde maaltijden die zijn afgestemd op dieetvoorkeuren. Neem contact met ons op voor catering van topkwaliteit!\" \/>\n<meta name=\"robots\" content=\"index, follow, max-snippet:-1, max-image-preview:large, max-video-preview:-1\" \/>\n<link rel=\"canonical\" href=\"https:\/\/intercatering.nl\/nl\/oekraiense-catering-service-buffet-catering-diner-bezorging\/\" \/>\n<meta property=\"og:locale\" content=\"nl_NL\" \/>\n<meta property=\"og:type\" content=\"article\" \/>\n<meta property=\"og:title\" content=\"Oekra\u00efense Catering Service | Buffet Catering | Dinerbezorging\" \/>\n<meta property=\"og:description\" content=\"Ontdek de vertrouwde Oekra\u00efense cateringdiensten van InterCatering, gespecialiseerd in authentieke Oekra\u00efense gerechten voor vluchtelingencentra. Met meer dan 20 jaar ervaring leveren we verse, gezonde maaltijden die zijn afgestemd op dieetvoorkeuren. Neem contact met ons op voor catering van topkwaliteit!\" \/>\n<meta property=\"og:url\" content=\"https:\/\/intercatering.nl\/nl\/oekraiense-catering-service-buffet-catering-diner-bezorging\/\" \/>\n<meta property=\"og:site_name\" content=\"Bezorging Oekra\u00efense warme maaltijden, Oekra\u00efense catering - Internationale keuken, lunch, diner, buffet catering.\" \/>\n<meta property=\"article:publisher\" content=\"https:\/\/www.facebook.com\/intercatering.nl\/\" \/>\n<meta property=\"article:modified_time\" content=\"2025-07-15T19:47:24+00:00\" \/>\n<meta property=\"og:image\" content=\"https:\/\/intercatering.nl\/wp-content\/uploads\/2023\/11\/Ukrainian-Food-Catering-service-The-Hague-Leiden-Wassenaar-Rotterdam-Schiedam-.jpg\" \/>\n\t<meta property=\"og:image:width\" content=\"1280\" \/>\n\t<meta property=\"og:image:height\" content=\"853\" \/>\n\t<meta property=\"og:image:type\" content=\"image\/jpeg\" \/>\n<meta name=\"twitter:card\" content=\"summary_large_image\" \/>\n<meta name=\"twitter:label1\" content=\"Geschatte leestijd\" \/>\n\t<meta name=\"twitter:data1\" content=\"1 minuut\" \/>\n<script type=\"application\/ld+json\" class=\"yoast-schema-graph\">{\"@context\":\"https:\\\/\\\/schema.org\",\"@graph\":[{\"@type\":\"WebPage\",\"@id\":\"https:\\\/\\\/intercatering.nl\\\/nl\\\/oekraiense-catering-service-buffet-catering-diner-bezorging\\\/\",\"url\":\"https:\\\/\\\/intercatering.nl\\\/nl\\\/oekraiense-catering-service-buffet-catering-diner-bezorging\\\/\",\"name\":\"Oekra\u00efense Catering Service | Buffet Catering | Dinerbezorging - Bezorging Oekra\u00efense warme maaltijden, Oekra\u00efense catering - Internationale keuken, lunch, diner, buffet catering.\",\"isPartOf\":{\"@id\":\"https:\\\/\\\/intercatering.nl\\\/nl\\\/#website\"},\"primaryImageOfPage\":{\"@id\":\"https:\\\/\\\/intercatering.nl\\\/nl\\\/oekraiense-catering-service-buffet-catering-diner-bezorging\\\/#primaryimage\"},\"image\":{\"@id\":\"https:\\\/\\\/intercatering.nl\\\/nl\\\/oekraiense-catering-service-buffet-catering-diner-bezorging\\\/#primaryimage\"},\"thumbnailUrl\":\"https:\\\/\\\/intercatering.nl\\\/wp-content\\\/uploads\\\/2023\\\/11\\\/Ukrainian-Food-Catering-service-The-Hague-Leiden-Wassenaar-Rotterdam-Schiedam-.jpg\",\"datePublished\":\"2023-11-21T22:03:37+00:00\",\"dateModified\":\"2025-07-15T19:47:24+00:00\",\"description\":\"Ontdek de vertrouwde Oekra\u00efense cateringdiensten van InterCatering, gespecialiseerd in authentieke Oekra\u00efense gerechten voor vluchtelingencentra. Met meer dan 20 jaar ervaring leveren we verse, gezonde maaltijden die zijn afgestemd op dieetvoorkeuren. Neem contact met ons op voor catering van topkwaliteit!\",\"breadcrumb\":{\"@id\":\"https:\\\/\\\/intercatering.nl\\\/nl\\\/oekraiense-catering-service-buffet-catering-diner-bezorging\\\/#breadcrumb\"},\"inLanguage\":\"nl-NL\",\"potentialAction\":[{\"@type\":\"ReadAction\",\"target\":[\"https:\\\/\\\/intercatering.nl\\\/nl\\\/oekraiense-catering-service-buffet-catering-diner-bezorging\\\/\"]}]},{\"@type\":\"ImageObject\",\"inLanguage\":\"nl-NL\",\"@id\":\"https:\\\/\\\/intercatering.nl\\\/nl\\\/oekraiense-catering-service-buffet-catering-diner-bezorging\\\/#primaryimage\",\"url\":\"https:\\\/\\\/intercatering.nl\\\/wp-content\\\/uploads\\\/2023\\\/11\\\/Ukrainian-Food-Catering-service-The-Hague-Leiden-Wassenaar-Rotterdam-Schiedam-.jpg\",\"contentUrl\":\"https:\\\/\\\/intercatering.nl\\\/wp-content\\\/uploads\\\/2023\\\/11\\\/Ukrainian-Food-Catering-service-The-Hague-Leiden-Wassenaar-Rotterdam-Schiedam-.jpg\",\"width\":1280,\"height\":853,\"caption\":\"Oekra\u00efens maaltijden, lekker eten, Cateringservice Den Haag, Leiden, Wassenaar, Rotterdam, Schiedam,\"},{\"@type\":\"BreadcrumbList\",\"@id\":\"https:\\\/\\\/intercatering.nl\\\/nl\\\/oekraiense-catering-service-buffet-catering-diner-bezorging\\\/#breadcrumb\",\"itemListElement\":[{\"@type\":\"ListItem\",\"position\":1,\"name\":\"Home\",\"item\":\"https:\\\/\\\/intercatering.nl\\\/nl\\\/\"},{\"@type\":\"ListItem\",\"position\":2,\"name\":\"Oekra\u00efense Catering Service | Buffet Catering | Dinerbezorging\"}]},{\"@type\":\"WebSite\",\"@id\":\"https:\\\/\\\/intercatering.nl\\\/nl\\\/#website\",\"url\":\"https:\\\/\\\/intercatering.nl\\\/nl\\\/\",\"name\":\"Bezorging Oekra\u00efense warme maaltijden, Oekra\u00efense catering - Internationale keuken, lunch, diner, buffet catering.\",\"description\":\"Op zoek naar een goed cateringbedrijf voor Oekra\u00efens vluchtelingencentrum en authentiek Oekra\u00efens eten in Amsterdam, Den Haag, Rijswijk, Delft, Wassenaar, Lisse, Leiden, Rotterdam? \",\"publisher\":{\"@id\":\"https:\\\/\\\/intercatering.nl\\\/nl\\\/#organization\"},\"potentialAction\":[{\"@type\":\"SearchAction\",\"target\":{\"@type\":\"EntryPoint\",\"urlTemplate\":\"https:\\\/\\\/intercatering.nl\\\/nl\\\/?s={search_term_string}\"},\"query-input\":{\"@type\":\"PropertyValueSpecification\",\"valueRequired\":true,\"valueName\":\"search_term_string\"}}],\"inLanguage\":\"nl-NL\"},{\"@type\":\"Organization\",\"@id\":\"https:\\\/\\\/intercatering.nl\\\/nl\\\/#organization\",\"name\":\"InterCatering\",\"alternateName\":\"Catering\",\"url\":\"https:\\\/\\\/intercatering.nl\\\/nl\\\/\",\"logo\":{\"@type\":\"ImageObject\",\"inLanguage\":\"nl-NL\",\"@id\":\"https:\\\/\\\/intercatering.nl\\\/nl\\\/#\\\/schema\\\/logo\\\/image\\\/\",\"url\":\"https:\\\/\\\/intercatering.nl\\\/wp-content\\\/uploads\\\/2025\\\/04\\\/InterCatering-Large.png\",\"contentUrl\":\"https:\\\/\\\/intercatering.nl\\\/wp-content\\\/uploads\\\/2025\\\/04\\\/InterCatering-Large.png\",\"width\":1250,\"height\":1250,\"caption\":\"InterCatering\"},\"image\":{\"@id\":\"https:\\\/\\\/intercatering.nl\\\/nl\\\/#\\\/schema\\\/logo\\\/image\\\/\"},\"sameAs\":[\"https:\\\/\\\/www.facebook.com\\\/intercatering.nl\\\/\"]}]}<\/script>\n<!-- \/ Yoast SEO Premium plugin. -->","yoast_head_json":{"title":"Oekra\u00efense Catering Service | Buffet Catering | Dinerbezorging - Bezorging Oekra\u00efense warme maaltijden, Oekra\u00efense catering - Internationale keuken, lunch, diner, buffet catering.","description":"Ontdek de vertrouwde Oekra\u00efense cateringdiensten van InterCatering, gespecialiseerd in authentieke Oekra\u00efense gerechten voor vluchtelingencentra. Met meer dan 20 jaar ervaring leveren we verse, gezonde maaltijden die zijn afgestemd op dieetvoorkeuren. Neem contact met ons op voor catering van topkwaliteit!","robots":{"index":"index","follow":"follow","max-snippet":"max-snippet:-1","max-image-preview":"max-image-preview:large","max-video-preview":"max-video-preview:-1"},"canonical":"https:\/\/intercatering.nl\/nl\/oekraiense-catering-service-buffet-catering-diner-bezorging\/","og_locale":"nl_NL","og_type":"article","og_title":"Oekra\u00efense Catering Service | Buffet Catering | Dinerbezorging","og_description":"Ontdek de vertrouwde Oekra\u00efense cateringdiensten van InterCatering, gespecialiseerd in authentieke Oekra\u00efense gerechten voor vluchtelingencentra. Met meer dan 20 jaar ervaring leveren we verse, gezonde maaltijden die zijn afgestemd op dieetvoorkeuren. Neem contact met ons op voor catering van topkwaliteit!","og_url":"https:\/\/intercatering.nl\/nl\/oekraiense-catering-service-buffet-catering-diner-bezorging\/","og_site_name":"Bezorging Oekra\u00efense warme maaltijden, Oekra\u00efense catering - Internationale keuken, lunch, diner, buffet catering.","article_publisher":"https:\/\/www.facebook.com\/intercatering.nl\/","article_modified_time":"2025-07-15T19:47:24+00:00","og_image":[{"width":1280,"height":853,"url":"https:\/\/intercatering.nl\/wp-content\/uploads\/2023\/11\/Ukrainian-Food-Catering-service-The-Hague-Leiden-Wassenaar-Rotterdam-Schiedam-.jpg","type":"image\/jpeg"}],"twitter_card":"summary_large_image","twitter_misc":{"Geschatte leestijd":"1 minuut"},"schema":{"@context":"https:\/\/schema.org","@graph":[{"@type":"WebPage","@id":"https:\/\/intercatering.nl\/nl\/oekraiense-catering-service-buffet-catering-diner-bezorging\/","url":"https:\/\/intercatering.nl\/nl\/oekraiense-catering-service-buffet-catering-diner-bezorging\/","name":"Oekra\u00efense Catering Service | Buffet Catering | Dinerbezorging - Bezorging Oekra\u00efense warme maaltijden, Oekra\u00efense catering - Internationale keuken, lunch, diner, buffet catering.","isPartOf":{"@id":"https:\/\/intercatering.nl\/nl\/#website"},"primaryImageOfPage":{"@id":"https:\/\/intercatering.nl\/nl\/oekraiense-catering-service-buffet-catering-diner-bezorging\/#primaryimage"},"image":{"@id":"https:\/\/intercatering.nl\/nl\/oekraiense-catering-service-buffet-catering-diner-bezorging\/#primaryimage"},"thumbnailUrl":"https:\/\/intercatering.nl\/wp-content\/uploads\/2023\/11\/Ukrainian-Food-Catering-service-The-Hague-Leiden-Wassenaar-Rotterdam-Schiedam-.jpg","datePublished":"2023-11-21T22:03:37+00:00","dateModified":"2025-07-15T19:47:24+00:00","description":"Ontdek de vertrouwde Oekra\u00efense cateringdiensten van InterCatering, gespecialiseerd in authentieke Oekra\u00efense gerechten voor vluchtelingencentra. Met meer dan 20 jaar ervaring leveren we verse, gezonde maaltijden die zijn afgestemd op dieetvoorkeuren. Neem contact met ons op voor catering van topkwaliteit!","breadcrumb":{"@id":"https:\/\/intercatering.nl\/nl\/oekraiense-catering-service-buffet-catering-diner-bezorging\/#breadcrumb"},"inLanguage":"nl-NL","potentialAction":[{"@type":"ReadAction","target":["https:\/\/intercatering.nl\/nl\/oekraiense-catering-service-buffet-catering-diner-bezorging\/"]}]},{"@type":"ImageObject","inLanguage":"nl-NL","@id":"https:\/\/intercatering.nl\/nl\/oekraiense-catering-service-buffet-catering-diner-bezorging\/#primaryimage","url":"https:\/\/intercatering.nl\/wp-content\/uploads\/2023\/11\/Ukrainian-Food-Catering-service-The-Hague-Leiden-Wassenaar-Rotterdam-Schiedam-.jpg","contentUrl":"https:\/\/intercatering.nl\/wp-content\/uploads\/2023\/11\/Ukrainian-Food-Catering-service-The-Hague-Leiden-Wassenaar-Rotterdam-Schiedam-.jpg","width":1280,"height":853,"caption":"Oekra\u00efens maaltijden, lekker eten, Cateringservice Den Haag, Leiden, Wassenaar, Rotterdam, Schiedam,"},{"@type":"BreadcrumbList","@id":"https:\/\/intercatering.nl\/nl\/oekraiense-catering-service-buffet-catering-diner-bezorging\/#breadcrumb","itemListElement":[{"@type":"ListItem","position":1,"name":"Home","item":"https:\/\/intercatering.nl\/nl\/"},{"@type":"ListItem","position":2,"name":"Oekra\u00efense Catering Service | Buffet Catering | Dinerbezorging"}]},{"@type":"WebSite","@id":"https:\/\/intercatering.nl\/nl\/#website","url":"https:\/\/intercatering.nl\/nl\/","name":"Bezorging Oekra\u00efense warme maaltijden, Oekra\u00efense catering - Internationale keuken, lunch, diner, buffet catering.","description":"Op zoek naar een goed cateringbedrijf voor Oekra\u00efens vluchtelingencentrum en authentiek Oekra\u00efens eten in Amsterdam, Den Haag, Rijswijk, Delft, Wassenaar, Lisse, Leiden, Rotterdam? ","publisher":{"@id":"https:\/\/intercatering.nl\/nl\/#organization"},"potentialAction":[{"@type":"SearchAction","target":{"@type":"EntryPoint","urlTemplate":"https:\/\/intercatering.nl\/nl\/?s={search_term_string}"},"query-input":{"@type":"PropertyValueSpecification","valueRequired":true,"valueName":"search_term_string"}}],"inLanguage":"nl-NL"},{"@type":"Organization","@id":"https:\/\/intercatering.nl\/nl\/#organization","name":"InterCatering","alternateName":"Catering","url":"https:\/\/intercatering.nl\/nl\/","logo":{"@type":"ImageObject","inLanguage":"nl-NL","@id":"https:\/\/intercatering.nl\/nl\/#\/schema\/logo\/image\/","url":"https:\/\/intercatering.nl\/wp-content\/uploads\/2025\/04\/InterCatering-Large.png","contentUrl":"https:\/\/intercatering.nl\/wp-content\/uploads\/2025\/04\/InterCatering-Large.png","width":1250,"height":1250,"caption":"InterCatering"},"image":{"@id":"https:\/\/intercatering.nl\/nl\/#\/schema\/logo\/image\/"},"sameAs":["https:\/\/www.facebook.com\/intercatering.nl\/"]}]}},"_links":{"self":[{"href":"https:\/\/intercatering.nl\/nl\/wp-json\/wp\/v2\/pages\/2136","targetHints":{"allow":["GET"]}}],"collection":[{"href":"https:\/\/intercatering.nl\/nl\/wp-json\/wp\/v2\/pages"}],"about":[{"href":"https:\/\/intercatering.nl\/nl\/wp-json\/wp\/v2\/types\/page"}],"author":[{"embeddable":true,"href":"https:\/\/intercatering.nl\/nl\/wp-json\/wp\/v2\/users\/1"}],"replies":[{"embeddable":true,"href":"https:\/\/intercatering.nl\/nl\/wp-json\/wp\/v2\/comments?post=2136"}],"version-history":[{"count":8,"href":"https:\/\/intercatering.nl\/nl\/wp-json\/wp\/v2\/pages\/2136\/revisions"}],"predecessor-version":[{"id":2464,"href":"https:\/\/intercatering.nl\/nl\/wp-json\/wp\/v2\/pages\/2136\/revisions\/2464"}],"wp:featuredmedia":[{"embeddable":true,"href":"https:\/\/intercatering.nl\/nl\/wp-json\/wp\/v2\/media\/2018"}],"wp:attachment":[{"href":"https:\/\/intercatering.nl\/nl\/wp-json\/wp\/v2\/media?parent=2136"}],"curies":[{"name":"wp","href":"https:\/\/api.w.org\/{rel}","templated":true}]}}